{"id":1751,"date":"2020-04-16T19:01:26","date_gmt":"2020-04-16T19:01:26","guid":{"rendered":"http:\/\/torres-torres.com.mx\/?page_id=1751"},"modified":"2020-08-31T20:20:26","modified_gmt":"2020-08-31T20:20:26","slug":"servicios","status":"publish","type":"page","link":"http:\/\/torres-torres.com.mx\/?page_id=1751","title":{"rendered":"Servicios"},"content":{"rendered":"\t\t<div data-elementor-type=\"wp-page\" data-elementor-id=\"1751\" class=\"elementor elementor-1751\" data-elementor-settings=\"[]\">\n\t\t\t\t\t\t<div class=\"elementor-inner\">\n\t\t\t\t\t\t\t<div class=\"elementor-section-wrap\">\n\t\t\t\t\t\t\t<section class=\"elementor-section elementor-top-section elementor-element elementor-element-91bdbd2 elementor-section-height-min-height elementor-section-content-middle elementor-section-boxed elementor-section-height-default elementor-section-items-middle\" data-id=\"91bdbd2\" data-element_type=\"section\" data-settings=\"{&quot;background_background&quot;:&quot;classic&quot;}\">\n\t\t\t\t\t\t\t<div class=\"elementor-background-overlay\"><\/div>\n\t\t\t\t\t\t\t<div class=\"elementor-container elementor-column-gap-default\">\n\t\t\t\t\t\t\t<div class=\"elementor-row\">\n\t\t\t\t\t<div class=\"elementor-column elementor-col-100 elementor-top-column elementor-element elementor-element-0e8eb8f\" data-id=\"0e8eb8f\" data-element_type=\"column\">\n\t\t\t<div class=\"elementor-column-wrap elementor-element-populated\">\n\t\t\t\t\t\t\t<div class=\"elementor-widget-wrap\">\n\t\t\t\t\t\t<div class=\"elementor-element elementor-element-d90de28 elementor-widget elementor-widget-image\" data-id=\"d90de28\" data-element_type=\"widget\" data-widget_type=\"image.default\">\n\t\t\t\t<div class=\"elementor-widget-container\">\n\t\t\t\t\t<div class=\"elementor-image\">\n\t\t\t\t\t\t\t\t\t\t\t<a href=\"http:\/\/torres-torres.com.mx\/\">\n\t\t\t\t\t\t\t<img width=\"300\" height=\"300\" src=\"http:\/\/torres-torres.com.mx\/wp-content\/uploads\/2020\/06\/WhatsApp-Image-2020-05-18-at-16.31.38-300x300.jpeg\" class=\"attachment-medium size-medium\" alt=\"\" loading=\"lazy\" srcset=\"http:\/\/torres-torres.com.mx\/wp-content\/uploads\/2020\/06\/WhatsApp-Image-2020-05-18-at-16.31.38-300x300.jpeg 300w, http:\/\/torres-torres.com.mx\/wp-content\/uploads\/2020\/06\/WhatsApp-Image-2020-05-18-at-16.31.38-1024x1024.jpeg 1024w, http:\/\/torres-torres.com.mx\/wp-content\/uploads\/2020\/06\/WhatsApp-Image-2020-05-18-at-16.31.38-150x150.jpeg 150w, http:\/\/torres-torres.com.mx\/wp-content\/uploads\/2020\/06\/WhatsApp-Image-2020-05-18-at-16.31.38-768x768.jpeg 768w, http:\/\/torres-torres.com.mx\/wp-content\/uploads\/2020\/06\/WhatsApp-Image-2020-05-18-at-16.31.38.jpeg 1280w\" sizes=\"(max-width: 300px) 100vw, 300px\" \/>\t\t\t\t\t\t\t\t<\/a>\n\t\t\t\t\t\t\t\t\t\t\t<\/div>\n\t\t\t\t<\/div>\n\t\t\t\t<\/div>\n\t\t\t\t\t\t<\/div>\n\t\t\t\t\t<\/div>\n\t\t<\/div>\n\t\t\t\t\t\t\t\t<\/div>\n\t\t\t\t\t<\/div>\n\t\t<\/section>\n\t\t\t\t<section class=\"elementor-section elementor-top-section elementor-element elementor-element-0dac8dd elementor-section-height-min-height elementor-section-content-middle elementor-section-boxed elementor-section-height-default elementor-section-items-middle\" data-id=\"0dac8dd\" data-element_type=\"section\" data-settings=\"{&quot;background_background&quot;:&quot;classic&quot;,&quot;sticky&quot;:&quot;top&quot;,&quot;sticky_on&quot;:[&quot;desktop&quot;,&quot;tablet&quot;,&quot;mobile&quot;],&quot;sticky_offset&quot;:0,&quot;sticky_effects_offset&quot;:0}\">\n\t\t\t\t\t\t\t<div class=\"elementor-background-overlay\"><\/div>\n\t\t\t\t\t\t\t<div class=\"elementor-container elementor-column-gap-default\">\n\t\t\t\t\t\t\t<div class=\"elementor-row\">\n\t\t\t\t\t<div class=\"elementor-column elementor-col-100 elementor-top-column elementor-element elementor-element-307bc3c\" data-id=\"307bc3c\" data-element_type=\"column\">\n\t\t\t<div class=\"elementor-column-wrap elementor-element-populated\">\n\t\t\t\t\t\t\t<div class=\"elementor-widget-wrap\">\n\t\t\t\t\t\t<div class=\"elementor-element elementor-element-1d9fac4 elementor-nav-menu--indicator-chevron elementor-nav-menu__align-center elementor-nav-menu--dropdown-tablet elementor-nav-menu__text-align-aside elementor-nav-menu--toggle elementor-nav-menu--burger elementor-widget elementor-widget-nav-menu\" data-id=\"1d9fac4\" data-element_type=\"widget\" data-settings=\"{&quot;motion_fx_motion_fx_scrolling&quot;:&quot;yes&quot;,&quot;sticky&quot;:&quot;top&quot;,&quot;sticky_parent&quot;:&quot;yes&quot;,&quot;layout&quot;:&quot;horizontal&quot;,&quot;toggle&quot;:&quot;burger&quot;,&quot;motion_fx_devices&quot;:[&quot;desktop&quot;,&quot;tablet&quot;,&quot;mobile&quot;],&quot;sticky_on&quot;:[&quot;desktop&quot;,&quot;tablet&quot;,&quot;mobile&quot;],&quot;sticky_offset&quot;:0,&quot;sticky_effects_offset&quot;:0}\" data-widget_type=\"nav-menu.default\">\n\t\t\t\t<div class=\"elementor-widget-container\">\n\t\t\t\t\t\t<nav role=\"navigation\" class=\"elementor-nav-menu--main elementor-nav-menu__container elementor-nav-menu--layout-horizontal e--pointer-underline e--animation-fade\"><ul id=\"menu-1-1d9fac4\" class=\"elementor-nav-menu\"><li class=\"menu-item menu-item-type-post_type menu-item-object-page menu-item-home menu-item-1766\"><a href=\"http:\/\/torres-torres.com.mx\/\" class=\"menu-link elementor-item\">Nosotros<\/a><\/li>\n<li class=\"menu-item menu-item-type-post_type menu-item-object-page menu-item-1765\"><a href=\"http:\/\/torres-torres.com.mx\/?page_id=1751\" class=\"menu-link elementor-item\">Servicios<\/a><\/li>\n<li class=\"menu-item menu-item-type-post_type menu-item-object-page menu-item-1666\"><a href=\"http:\/\/torres-torres.com.mx\/?page_id=1566\" class=\"menu-link elementor-item\">Equipo de Trabajo<\/a><\/li>\n<li class=\"menu-item menu-item-type-post_type menu-item-object-page menu-item-1504\"><a href=\"http:\/\/torres-torres.com.mx\/?page_id=1419\" class=\"menu-link elementor-item\">Contacto<\/a><\/li>\n<\/ul><\/nav>\n\t\t\t\t\t<div class=\"elementor-menu-toggle\" role=\"button\" tabindex=\"0\" aria-label=\"Menu Toggle\" aria-expanded=\"false\">\n\t\t\t<i class=\"eicon-menu-bar\" aria-hidden=\"true\"><\/i>\n\t\t\t<span class=\"elementor-screen-only\">Menu<\/span>\n\t\t<\/div>\n\t\t\t<nav class=\"elementor-nav-menu--dropdown elementor-nav-menu__container\" role=\"navigation\" aria-hidden=\"true\"><ul id=\"menu-2-1d9fac4\" class=\"elementor-nav-menu\"><li class=\"menu-item menu-item-type-post_type menu-item-object-page menu-item-home menu-item-1766\"><a href=\"http:\/\/torres-torres.com.mx\/\" class=\"menu-link elementor-item\">Nosotros<\/a><\/li>\n<li class=\"menu-item menu-item-type-post_type menu-item-object-page menu-item-1765\"><a href=\"http:\/\/torres-torres.com.mx\/?page_id=1751\" class=\"menu-link elementor-item\">Servicios<\/a><\/li>\n<li class=\"menu-item menu-item-type-post_type menu-item-object-page menu-item-1666\"><a href=\"http:\/\/torres-torres.com.mx\/?page_id=1566\" class=\"menu-link elementor-item\">Equipo de Trabajo<\/a><\/li>\n<li class=\"menu-item menu-item-type-post_type menu-item-object-page menu-item-1504\"><a href=\"http:\/\/torres-torres.com.mx\/?page_id=1419\" class=\"menu-link elementor-item\">Contacto<\/a><\/li>\n<\/ul><\/nav>\n\t\t\t\t<\/div>\n\t\t\t\t<\/div>\n\t\t\t\t\t\t<\/div>\n\t\t\t\t\t<\/div>\n\t\t<\/div>\n\t\t\t\t\t\t\t\t<\/div>\n\t\t\t\t\t<\/div>\n\t\t<\/section>\n\t\t\t\t<section class=\"elementor-section elementor-top-section elementor-element elementor-element-f60de82 elementor-section-full_width elementor-section-height-min-height elementor-section-height-default elementor-section-items-middle\" data-id=\"f60de82\" data-element_type=\"section\" data-settings=\"{&quot;background_background&quot;:&quot;classic&quot;}\">\n\t\t\t\t\t\t\t<div class=\"elementor-background-overlay\"><\/div>\n\t\t\t\t\t\t\t<div class=\"elementor-container elementor-column-gap-default\">\n\t\t\t\t\t\t\t<div class=\"elementor-row\">\n\t\t\t\t\t<div class=\"elementor-column elementor-col-100 elementor-top-column elementor-element elementor-element-aaf441e\" data-id=\"aaf441e\" data-element_type=\"column\">\n\t\t\t<div class=\"elementor-column-wrap\">\n\t\t\t\t\t\t\t<div class=\"elementor-widget-wrap\">\n\t\t\t\t\t\t\t\t<\/div>\n\t\t\t\t\t<\/div>\n\t\t<\/div>\n\t\t\t\t\t\t\t\t<\/div>\n\t\t\t\t\t<\/div>\n\t\t<\/section>\n\t\t\t\t<section class=\"elementor-section elementor-top-section elementor-element elementor-element-3991ad3 elementor-section-boxed elementor-section-height-default elementor-section-height-default\" data-id=\"3991ad3\" data-element_type=\"section\" data-settings=\"{&quot;background_background&quot;:&quot;classic&quot;}\">\n\t\t\t\t\t\t<div class=\"elementor-container elementor-column-gap-default\">\n\t\t\t\t\t\t\t<div class=\"elementor-row\">\n\t\t\t\t\t<div class=\"elementor-column elementor-col-100 elementor-top-column elementor-element elementor-element-2c37383\" data-id=\"2c37383\" data-element_type=\"column\">\n\t\t\t<div class=\"elementor-column-wrap elementor-element-populated\">\n\t\t\t\t\t\t\t<div class=\"elementor-widget-wrap\">\n\t\t\t\t\t\t<div class=\"elementor-element elementor-element-07a1e22 elementor-invisible elementor-widget elementor-widget-divider\" data-id=\"07a1e22\" data-element_type=\"widget\" data-settings=\"{&quot;_animation&quot;:&quot;fadeInUp&quot;}\" data-widget_type=\"divider.default\">\n\t\t\t\t<div class=\"elementor-widget-container\">\n\t\t\t\t\t<div class=\"elementor-divider\">\n\t\t\t<span class=\"elementor-divider-separator\">\n\t\t\t\t\t\t<\/span>\n\t\t<\/div>\n\t\t\t\t<\/div>\n\t\t\t\t<\/div>\n\t\t\t\t<div class=\"elementor-element elementor-element-e7de379 elementor-invisible elementor-widget elementor-widget-heading\" data-id=\"e7de379\" data-element_type=\"widget\" data-settings=\"{&quot;_animation&quot;:&quot;fadeInUp&quot;}\" data-widget_type=\"heading.default\">\n\t\t\t\t<div class=\"elementor-widget-container\">\n\t\t\t<h2 class=\"elementor-heading-title elementor-size-default\">Servicios<\/h2>\t\t<\/div>\n\t\t\t\t<\/div>\n\t\t\t\t\t\t<\/div>\n\t\t\t\t\t<\/div>\n\t\t<\/div>\n\t\t\t\t\t\t\t\t<\/div>\n\t\t\t\t\t<\/div>\n\t\t<\/section>\n\t\t\t\t<section class=\"elementor-section elementor-top-section elementor-element elementor-element-a1029b3 elementor-section-boxed elementor-section-height-default elementor-section-height-default\" data-id=\"a1029b3\" data-element_type=\"section\">\n\t\t\t\t\t\t<div class=\"elementor-container elementor-column-gap-default\">\n\t\t\t\t\t\t\t<div class=\"elementor-row\">\n\t\t\t\t\t<div class=\"elementor-column elementor-col-100 elementor-top-column elementor-element elementor-element-b0abbee\" data-id=\"b0abbee\" data-element_type=\"column\">\n\t\t\t<div class=\"elementor-column-wrap elementor-element-populated\">\n\t\t\t\t\t\t\t<div class=\"elementor-widget-wrap\">\n\t\t\t\t\t\t<div class=\"elementor-element elementor-element-7b9768d elementor-tabs-view-vertical elementor-widget elementor-widget-tabs\" data-id=\"7b9768d\" data-element_type=\"widget\" data-widget_type=\"tabs.default\">\n\t\t\t\t<div class=\"elementor-widget-container\">\n\t\t\t\t\t<div class=\"elementor-tabs\" role=\"tablist\">\n\t\t\t<div class=\"elementor-tabs-wrapper\">\n\t\t\t\t\t\t\t\t\t<div id=\"elementor-tab-title-1291\" class=\"elementor-tab-title elementor-tab-desktop-title\" data-tab=\"1\" role=\"tab\" aria-controls=\"elementor-tab-content-1291\"><a href=\"\">Derecho Inmobiliario<\/a><\/div>\n\t\t\t\t\t\t\t\t\t<div id=\"elementor-tab-title-1292\" class=\"elementor-tab-title elementor-tab-desktop-title\" data-tab=\"2\" role=\"tab\" aria-controls=\"elementor-tab-content-1292\"><a href=\"\">Derecho Corporativo y de los Negocios<\/a><\/div>\n\t\t\t\t\t\t\t\t\t<div id=\"elementor-tab-title-1293\" class=\"elementor-tab-title elementor-tab-desktop-title\" data-tab=\"3\" role=\"tab\" aria-controls=\"elementor-tab-content-1293\"><a href=\"\">Derecho Financiero<\/a><\/div>\n\t\t\t\t\t\t\t\t\t<div id=\"elementor-tab-title-1294\" class=\"elementor-tab-title elementor-tab-desktop-title\" data-tab=\"4\" role=\"tab\" aria-controls=\"elementor-tab-content-1294\"><a href=\"\">Planeaci\u00f3n Patrimonial y Fiscal<\/a><\/div>\n\t\t\t\t\t\t\t\t\t<div id=\"elementor-tab-title-1295\" class=\"elementor-tab-title elementor-tab-desktop-title\" data-tab=\"5\" role=\"tab\" aria-controls=\"elementor-tab-content-1295\"><a href=\"\">Litigio<\/a><\/div>\n\t\t\t\t\t\t\t<\/div>\n\t\t\t<div class=\"elementor-tabs-content-wrapper\">\n\t\t\t\t\t\t\t\t\t<div class=\"elementor-tab-title elementor-tab-mobile-title\" data-tab=\"1\" role=\"tab\">Derecho Inmobiliario<\/div>\n\t\t\t\t\t<div id=\"elementor-tab-content-1291\" class=\"elementor-tab-content elementor-clearfix\" data-tab=\"1\" role=\"tabpanel\" aria-labelledby=\"elementor-tab-title-1291\"><div align=\"justify\"><p style=\"font-weight: 400;\">Esta \u00e1rea representa uno de los pilares de nuestra firma, habi\u00e9ndonos especializado a lo largo de los a\u00f1os en todo tipo de contratos relacionados con bienes inmuebles, tales como Fideicomisos, Contratos de Asociaci\u00f3n, de Compraventa, Arrendamiento, Comodato, Contratos de Obra, etc\u00e9tera.<\/p><p style=\"font-weight: 400;\">Apoyamos a nuestros clientes en todo tipo de operaciones relacionadas con bienes inmuebles, sin importar el grado de sencillez o complejidad; acompa\u00f1\u00e1ndolos en todo el proceso, desde el an\u00e1lisis de la documentaci\u00f3n que se nos presente y la que sea necesario obtener para brindar seguridad jur\u00eddica, pasando por la redacci\u00f3n y revisi\u00f3n de todo tipo de contratos preparatorios y\/o definitivos hasta llegar al cierre de la operaci\u00f3n; adem\u00e1s de acompa\u00f1ar a nuestros clientes durante el proceso de la negociaci\u00f3n y posteriormente, durante la etapa operativa y de desarrollo del proyecto.<\/p><p style=\"font-weight: 400;\">En Torres &amp; Torres hemos participado en el an\u00e1lisis, negociaci\u00f3n, coordinaci\u00f3n, redacci\u00f3n y revisi\u00f3n de todo tipo de documentos legales para el desarrollo de fraccionamientos, parques industriales, desarrollos verticales u horizontales de usos habitacionales, comerciales o mixtos en toda la Rep\u00fablica Mexicana; adem\u00e1s de participar en la elaboraci\u00f3n y constituci\u00f3n de Reg\u00edmenes de Propiedad en Condominio con sus respectivos Reglamentos y\/o Manuales.<\/p><\/div><\/div>\n\t\t\t\t\t\t\t\t\t<div class=\"elementor-tab-title elementor-tab-mobile-title\" data-tab=\"2\" role=\"tab\">Derecho Corporativo y de los Negocios<\/div>\n\t\t\t\t\t<div id=\"elementor-tab-content-1292\" class=\"elementor-tab-content elementor-clearfix\" data-tab=\"2\" role=\"tabpanel\" aria-labelledby=\"elementor-tab-title-1292\"><div align=\"justify\"><p style=\"font-weight: 400;\">Participamos regularmente en la constituci\u00f3n, transformaci\u00f3n, fusi\u00f3n, escisi\u00f3n y liquidaci\u00f3n de todo tipo de sociedades, as\u00ed como en la venta y adquisici\u00f3n de empresas y la conformaci\u00f3n de alianzas estrat\u00e9gicas y co-inversiones.<\/p><p style=\"font-weight: 400;\">Igualmente asesoramos a nuestros clientes en el an\u00e1lisis, dise\u00f1o, estructura, elaboraci\u00f3n y negociaci\u00f3n de todo tipo de contratos o convenios y de los dem\u00e1s actos jur\u00eddicos que se requieran en todo tipo de inversiones y negocios, hasta la implementaci\u00f3n y formalizaci\u00f3n de tales actos jur\u00eddicos.<\/p><p style=\"font-weight: 400;\">Igualmente, entre otros, brindamos servicios de:<\/p><ul><li style=\"font-weight: 400;\">Asesor\u00eda, elaboraci\u00f3n y revisi\u00f3n de todo tipo de documentos relacionados con la secretar\u00eda corporativa de sociedades.<\/li><li style=\"font-weight: 400;\">Elaboraci\u00f3n, revisi\u00f3n, negociaci\u00f3n y modificaci\u00f3n de todo tipo de contratos civiles, mercantiles y administrativos.<\/li><li style=\"font-weight: 400;\">Revisi\u00f3n integral de los aspectos legales relacionados con las empresas y personas para determinar la seguridad y certeza jur\u00eddica respecto a cualquier negociaci\u00f3n.<\/li><li style=\"font-weight: 400;\">Auditor\u00edas y dict\u00e1menes legales (due dilligence) de todo tipo de empresas, asuntos corporativos, patrimoniales, crediticios, entre otros.<\/li><li style=\"font-weight: 400;\">Asesor\u00eda destinada a la protecci\u00f3n de la propiedad intelectual; auxiliando en el registro de obras y documentos para protecci\u00f3n de derechos.<\/li><\/ul><\/div><\/div>\n\t\t\t\t\t\t\t\t\t<div class=\"elementor-tab-title elementor-tab-mobile-title\" data-tab=\"3\" role=\"tab\">Derecho Financiero<\/div>\n\t\t\t\t\t<div id=\"elementor-tab-content-1293\" class=\"elementor-tab-content elementor-clearfix\" data-tab=\"3\" role=\"tabpanel\" aria-labelledby=\"elementor-tab-title-1293\"><div align=\"justify\"><p style=\"font-weight: 400;\">En Torres &amp; Torres tenemos experiencia asesorando a empresas que forman parte del sistema financiero mexicano; auxili\u00e1ndoles en la elaboraci\u00f3n y revisi\u00f3n de todo tipo de contratos y documentos relacionados con la implementaci\u00f3n y operaci\u00f3n de los diferentes productos y servicios que brindan este tipo de sociedades.<\/p><p style=\"font-weight: 400;\">Igualmente, hemos participado en la negociaci\u00f3n y asesor\u00eda de financiamientos para nuestros clientes que requieren cr\u00e9ditos o financiamientos para sus diversas necesidades, incluyendo la constituci\u00f3n de todo tipo de garant\u00edas.<\/p><\/div><\/div>\n\t\t\t\t\t\t\t\t\t<div class=\"elementor-tab-title elementor-tab-mobile-title\" data-tab=\"4\" role=\"tab\">Planeaci\u00f3n Patrimonial y Fiscal<\/div>\n\t\t\t\t\t<div id=\"elementor-tab-content-1294\" class=\"elementor-tab-content elementor-clearfix\" data-tab=\"4\" role=\"tabpanel\" aria-labelledby=\"elementor-tab-title-1294\"><div align=\"justify\"><p>Contamos con experiencia asesorando a personas y familias en la implementaci\u00f3n de diversos mecanismos, documentos y estrategias destinados a la protecci\u00f3n y seguridad legal de los bienes y derechos que conforman el patrimonio de las empresas y las personas. Auxili\u00e1ndoles en la elaboraci\u00f3n, dise\u00f1o e implementaci\u00f3n de estrategias de planeaci\u00f3n patrimonial y fiscal, como por ejemplo la asesor\u00eda en elaboraci\u00f3n de testamentos, constituci\u00f3n de empresas, fideicomisos testamentarios o de cualquier tipo, capitulaciones matrimoniales, usufructos y dem\u00e1s productos o estrategias que se requieran para brindar una s\u00f3lida protecci\u00f3n y planeaci\u00f3n patrimonial.<\/p><\/div><\/div>\n\t\t\t\t\t\t\t\t\t<div class=\"elementor-tab-title elementor-tab-mobile-title\" data-tab=\"5\" role=\"tab\">Litigio<\/div>\n\t\t\t\t\t<div id=\"elementor-tab-content-1295\" class=\"elementor-tab-content elementor-clearfix\" data-tab=\"5\" role=\"tabpanel\" aria-labelledby=\"elementor-tab-title-1295\"><div align=\"justify\"><ul><li style=\"font-weight: 400;\">Asuntos litigiosos relacionados con cobranza judicial y extrajudicial, tanto para empresas del sistema financiero como particulares, atendiendo igualmente a particulares demandados, siempre que ello no genere un conflicto de intereses.<\/li><li style=\"font-weight: 400;\">Asesor\u00eda a compa\u00f1\u00edas aseguradoras atendiendo litigios derivados de da\u00f1os (no viales).<\/li><li style=\"font-weight: 400;\">Atenci\u00f3n en litigios y\/o negocios relacionados con bienes inmuebles, asesorando a algunos de los desarrolladores inmobiliarios m\u00e1s importantes.<\/li><li style=\"font-weight: 400;\">Atenci\u00f3n a todo tipo de litigios en materia civil, mercantil, familiar y amparo.<\/li><\/ul><\/div><\/div>\n\t\t\t\t\t\t\t<\/div>\n\t\t<\/div>\n\t\t\t\t<\/div>\n\t\t\t\t<\/div>\n\t\t\t\t\t\t<\/div>\n\t\t\t\t\t<\/div>\n\t\t<\/div>\n\t\t\t\t\t\t\t\t<\/div>\n\t\t\t\t\t<\/div>\n\t\t<\/section>\n\t\t\t\t<section class=\"elementor-section elementor-top-section elementor-element elementor-element-6c2cf14 elementor-section-boxed elementor-section-height-default elementor-section-height-default\" data-id=\"6c2cf14\" data-element_type=\"section\" data-settings=\"{&quot;background_background&quot;:&quot;classic&quot;}\">\n\t\t\t\t\t\t<div class=\"elementor-container elementor-column-gap-default\">\n\t\t\t\t\t\t\t<div class=\"elementor-row\">\n\t\t\t\t\t<div class=\"elementor-column elementor-col-100 elementor-top-column elementor-element elementor-element-9434113\" data-id=\"9434113\" data-element_type=\"column\">\n\t\t\t<div class=\"elementor-column-wrap elementor-element-populated\">\n\t\t\t\t\t\t\t<div class=\"elementor-widget-wrap\">\n\t\t\t\t\t\t<div class=\"elementor-element elementor-element-8d5b48d elementor-widget elementor-widget-heading\" data-id=\"8d5b48d\" data-element_type=\"widget\" data-widget_type=\"heading.default\">\n\t\t\t\t<div class=\"elementor-widget-container\">\n\t\t\t<h2 class=\"elementor-heading-title elementor-size-small\">Torres & Torres Abogados<\/h2>\t\t<\/div>\n\t\t\t\t<\/div>\n\t\t\t\t\t\t<\/div>\n\t\t\t\t\t<\/div>\n\t\t<\/div>\n\t\t\t\t\t\t\t\t<\/div>\n\t\t\t\t\t<\/div>\n\t\t<\/section>\n\t\t\t\t\t\t<\/div>\n\t\t\t\t\t\t<\/div>\n\t\t\t\t\t<\/div>\n\t\t","protected":false},"excerpt":{"rendered":"<p>Servicios Derecho Inmobiliario Derecho Corporativo y de los Negocios Derecho Financiero Planeaci\u00f3n Patrimonial y Fiscal Litigio Derecho Inmobiliario Esta \u00e1rea representa uno de los pilares de nuestra firma, habi\u00e9ndonos especializado a lo largo de los a\u00f1os en todo tipo de contratos relacionados con bienes inmuebles, tales como Fideicomisos, Contratos de Asociaci\u00f3n, de Compraventa, Arrendamiento, Comodato, &hellip;<\/p>\n<p class=\"read-more\"> <a class=\"\" href=\"http:\/\/torres-torres.com.mx\/?page_id=1751\"> <span class=\"screen-reader-text\">Servicios<\/span> Read More &raquo;<\/a><\/p>\n","protected":false},"author":4,"featured_media":0,"parent":0,"menu_order":0,"comment_status":"closed","ping_status":"closed","template":"elementor_canvas","meta":[],"_links":{"self":[{"href":"http:\/\/torres-torres.com.mx\/index.php?rest_route=\/wp\/v2\/pages\/1751"}],"collection":[{"href":"http:\/\/torres-torres.com.mx\/index.php?rest_route=\/wp\/v2\/pages"}],"about":[{"href":"http:\/\/torres-torres.com.mx\/index.php?rest_route=\/wp\/v2\/types\/page"}],"author":[{"embeddable":true,"href":"http:\/\/torres-torres.com.mx\/index.php?rest_route=\/wp\/v2\/users\/4"}],"replies":[{"embeddable":true,"href":"http:\/\/torres-torres.com.mx\/index.php?rest_route=%2Fwp%2Fv2%2Fcomments&post=1751"}],"version-history":[{"count":20,"href":"http:\/\/torres-torres.com.mx\/index.php?rest_route=\/wp\/v2\/pages\/1751\/revisions"}],"predecessor-version":[{"id":1977,"href":"http:\/\/torres-torres.com.mx\/index.php?rest_route=\/wp\/v2\/pages\/1751\/revisions\/1977"}],"wp:attachment":[{"href":"http:\/\/torres-torres.com.mx\/index.php?rest_route=%2Fwp%2Fv2%2Fmedia&parent=1751"}],"curies":[{"name":"wp","href":"https:\/\/api.w.org\/{rel}","templated":true}]}}